{"id":21311,"date":"2022-10-31T17:22:17","date_gmt":"2022-10-31T16:22:17","guid":{"rendered":"https:\/\/tfab.es\/publicaciones\/"},"modified":"2026-01-26T12:30:46","modified_gmt":"2026-01-26T11:30:46","slug":"publications","status":"publish","type":"page","link":"https:\/\/tfab.es\/en\/publications\/","title":{"rendered":"Publications"},"content":{"rendered":"\t\t<div data-elementor-type=\"wp-page\" data-elementor-id=\"21311\" class=\"elementor elementor-21311 elementor-10498\">\n\t\t\t\t\t\t\t        <section class=\"elementor-section elementor-top-section elementor-element elementor-element-3158063 elementor-section-boxed elementor-section-height-default elementor-section-height-default pxl-shape-divider-none\" data-id=\"3158063\" data-element_type=\"section\" data-settings=\"{&quot;jet_parallax_layout_list&quot;:[]}\">\n\n                \n                <div class=\"elementor-container elementor-column-gap-default \">\n                <div class=\"elementor-column elementor-col-100 elementor-top-column elementor-element elementor-element-fe4046e pxl-column-element-default\" data-id=\"fe4046e\" data-element_type=\"column\">\n            <div class=\"elementor-widget-wrap elementor-element-populated\">\n                                    \t\t<div class=\"elementor-element elementor-element-52106d1 elementor-widget__width-inherit elementor-widget elementor-widget-heading\" data-id=\"52106d1\" data-element_type=\"widget\" data-widget_type=\"heading.default\">\n\t\t\t\t<div class=\"elementor-widget-container\">\n\t\t\t<style>\/*! elementor - v3.18.0 - 08-12-2023 *\/\n.elementor-heading-title{padding:0;margin:0;line-height:1}.elementor-widget-heading .elementor-heading-title[class*=elementor-size-]>a{color:inherit;font-size:inherit;line-height:inherit}.elementor-widget-heading .elementor-heading-title.elementor-size-small{font-size:15px}.elementor-widget-heading .elementor-heading-title.elementor-size-medium{font-size:19px}.elementor-widget-heading .elementor-heading-title.elementor-size-large{font-size:29px}.elementor-widget-heading .elementor-heading-title.elementor-size-xl{font-size:39px}.elementor-widget-heading .elementor-heading-title.elementor-size-xxl{font-size:59px}<\/style><h2 class=\"elementor-heading-title elementor-size-default\">At Tfab we want to be a reference and a help to the world of Family Business. \nOne of the ways in which we develop this informative work is through the publication of specialized books that collect the latest learnings and best practices.<\/h2>\t\t<\/div>\n\t\t\t\t<\/div>\n\t\t\t\t\t<\/div>\n\t\t<\/div>\n\t\t\t\t\t\t\t<\/div>\n\t\t<\/section>\n\t\t        <section class=\"elementor-section elementor-top-section elementor-element elementor-element-44be584 elementor-section-boxed elementor-section-height-default elementor-section-height-default pxl-shape-divider-none\" data-id=\"44be584\" data-element_type=\"section\" data-settings=\"{&quot;jet_parallax_layout_list&quot;:[]}\">\n\n                \n                <div class=\"elementor-container elementor-column-gap-default \">\n                <div class=\"elementor-column elementor-col-100 elementor-top-column elementor-element elementor-element-a11752c pxl-column-element-default\" data-id=\"a11752c\" data-element_type=\"column\">\n            <div class=\"elementor-widget-wrap elementor-element-populated\">\n                                    \t\t<div class=\"elementor-element elementor-element-be09a00 elementor-widget elementor-widget-jet-posts\" data-id=\"be09a00\" data-element_type=\"widget\" data-settings=\"{&quot;columns&quot;:3,&quot;slides_to_scroll&quot;:&quot;1&quot;}\" data-widget_type=\"jet-posts.default\">\n\t\t\t\t<div class=\"elementor-widget-container\">\n\t\t\t<div class=\"elementor-jet-posts jet-elements\"><div class=\"jet-posts col-row  jet-equal-cols\"><div class=\"jet-posts__item\">\n\t<div class=\"jet-posts__inner-box\"><div class=\"post-thumbnail\"><a href=\"https:\/\/tfab.es\/en\/decisiones-financieras-clave-para-la-sostenibilidad-de-las-empresas-familiares-en-el-contexto-actual\/\" class=\"post-thumbnail__link\"><img decoding=\"async\" class=\"post-thumbnail__img wp-post-image\" src=\"https:\/\/tfab.es\/wp-content\/uploads\/2021\/10\/tfab-publicacion-04-decisiones-financieras-clave-para-la-sostenibilidad-de-las-empresas-familiares-en-el-contexto-actual-cover-716x560.png\" alt=\"Decisiones financieras clave para la sostenibilidad de las empresas familiares en el contexto actual\" loading=\"lazy\" width=\"716\" height=\"560\"><\/a><\/div><div class=\"jet-posts__inner-content\"><h4 class=\"entry-title\"><a href=\"https:\/\/tfab.es\/en\/decisiones-financieras-clave-para-la-sostenibilidad-de-las-empresas-familiares-en-el-contexto-actual\/\" target=\"\">Decisiones financieras clave para la sostenibilidad de las empresas familiares en el contexto actual<\/a><\/h4><div class=\"post-meta\"><\/div><div class=\"entry-excerpt\">Casi un 90% de medianas y grandes empresas familiares de Espa\u00f1a prev\u00e9n una ca\u00edda de ventas respecto al a\u00f1o anterior.&hellip;<\/div><\/div><\/div>\n<\/div>\n<div class=\"jet-posts__item\">\n\t<div class=\"jet-posts__inner-box\"><div class=\"post-thumbnail\"><a href=\"https:\/\/tfab.es\/en\/la-gobernanza-de-la-empresa-familiar-como-fuente-de-ventaja-competitiva\/\" class=\"post-thumbnail__link\"><img decoding=\"async\" class=\"post-thumbnail__img wp-post-image\" src=\"https:\/\/tfab.es\/wp-content\/uploads\/2021\/09\/tfab-publicacion-03-la-gobernanza-de-la-empresa-familiar-como-fuente-de-ventaja-competitiva-cover-730x560.png\" alt=\"La gobernanza de la empresa familiar como fuente de ventaja competitiva\" loading=\"lazy\" width=\"730\" height=\"560\"><\/a><\/div><div class=\"jet-posts__inner-content\"><h4 class=\"entry-title\"><a href=\"https:\/\/tfab.es\/en\/la-gobernanza-de-la-empresa-familiar-como-fuente-de-ventaja-competitiva\/\" target=\"\">La gobernanza de la empresa familiar como fuente de ventaja competitiva<\/a><\/h4><div class=\"post-meta\"><\/div><div class=\"entry-excerpt\">Reflexiones para ayudar a las familias empresarias a entender el rol de la gobernanza y, sobre todo, c\u00f3mo se puede&hellip;<\/div><\/div><\/div>\n<\/div>\n<div class=\"jet-posts__item\">\n\t<div class=\"jet-posts__inner-box\"><div class=\"post-thumbnail\"><a href=\"https:\/\/tfab.es\/en\/las-empresas-familiares-en-la-era-post-covid-realidad-perspectivas-y-recomendaciones\/\" class=\"post-thumbnail__link\"><img decoding=\"async\" class=\"post-thumbnail__img wp-post-image\" src=\"https:\/\/tfab.es\/wp-content\/uploads\/2021\/05\/tfab-publicacion-02-las-empresas-familiares-en-la-era-post-covid-realidad-perspectivas-y-recomendaciones-cover-730x560.jpg\" alt=\"Las empresas familiares en la era post-COVID: Realidad, perspectivas y recomendaciones\" loading=\"lazy\" width=\"730\" height=\"560\"><\/a><\/div><div class=\"jet-posts__inner-content\"><h4 class=\"entry-title\"><a href=\"https:\/\/tfab.es\/en\/las-empresas-familiares-en-la-era-post-covid-realidad-perspectivas-y-recomendaciones\/\" target=\"\">Las empresas familiares en la era post-COVID: Realidad, perspectivas y recomendaciones<\/a><\/h4><div class=\"post-meta\"><\/div><div class=\"entry-excerpt\">En este informe, desde The Family Advisory Board, hemos querido abordar el particular impacto de la crisis provocada por la&hellip;<\/div><\/div><\/div>\n<\/div>\n<div class=\"jet-posts__item\">\n\t<div class=\"jet-posts__inner-box\"><div class=\"post-thumbnail\"><a href=\"https:\/\/tfab.es\/en\/evolucion-de-modelos-de-negocio-en-la-empresa-familiar-un-reto-critico-para-la-continuidad\/\" class=\"post-thumbnail__link\"><img decoding=\"async\" class=\"post-thumbnail__img wp-post-image\" src=\"https:\/\/tfab.es\/wp-content\/uploads\/2021\/05\/tfab-publicacion-01-evolucion-de-modelos-de-negocio-en-la-empresa-familiar-un-reto-critico-para-la-continuidad-cover-730x560.jpg\" alt=\"Evoluci\u00f3n de modelos de negocio en la empresa familiar: Un reto cr\u00edtico para la continuidad\" loading=\"lazy\" width=\"730\" height=\"560\"><\/a><\/div><div class=\"jet-posts__inner-content\"><h4 class=\"entry-title\"><a href=\"https:\/\/tfab.es\/en\/evolucion-de-modelos-de-negocio-en-la-empresa-familiar-un-reto-critico-para-la-continuidad\/\" target=\"\">Evoluci\u00f3n de modelos de negocio en la empresa familiar: Un reto cr\u00edtico para la continuidad<\/a><\/h4><div class=\"post-meta\"><\/div><div class=\"entry-excerpt\">La pandemia de la COVID-19 ha acelerado procesos que se empezaron a gestar hace a\u00f1os en el mundo empresarial. En&hellip;<\/div><\/div><\/div>\n<\/div>\n<div class=\"jet-posts__item\">\n\t<div class=\"jet-posts__inner-box\"><div class=\"post-thumbnail\"><a href=\"https:\/\/tfab.es\/en\/nuevo-libro-la-familia-empresaria-21-claves-para-la-continuidad-de-la-empresa-familiar\/\" class=\"post-thumbnail__link\"><img decoding=\"async\" class=\"post-thumbnail__img wp-post-image\" src=\"https:\/\/tfab.es\/wp-content\/uploads\/2020\/04\/nuevo-libro-la-familia-empresaria-21-claves-para-la-continuidad-de-la-empresa-familiar-996x560.jpg\" alt=\"Nuevo libro: &#039;La Familia Empresaria: 21 claves para la continuidad de la Empresa Familiar&#039;\" loading=\"lazy\" width=\"996\" height=\"560\"><\/a><\/div><div class=\"jet-posts__inner-content\"><h4 class=\"entry-title\"><a href=\"https:\/\/tfab.es\/en\/nuevo-libro-la-familia-empresaria-21-claves-para-la-continuidad-de-la-empresa-familiar\/\" target=\"\">Nuevo libro: 'La Familia Empresaria: 21 claves para la continuidad de la Empresa Familiar'<\/a><\/h4><div class=\"post-meta\"><\/div><div class=\"entry-excerpt\">En medio de esta pandemia global del covid19 aparece mi nuevo libro &#8216;La Familia Empresaria: 21 claves para la continuidad&hellip;<\/div><\/div><\/div>\n<\/div>\n<\/div>\n<\/div>\t\t<\/div>\n\t\t\t\t<\/div>\n\t\t\t\t\t<\/div>\n\t\t<\/div>\n\t\t\t\t\t\t\t<\/div>\n\t\t<\/section>\n\t\t        <section class=\"elementor-section elementor-top-section elementor-element elementor-element-4f597ce5 elementor-section-boxed elementor-section-height-default elementor-section-height-default pxl-shape-divider-none\" data-id=\"4f597ce5\" data-element_type=\"section\" data-settings=\"{&quot;jet_parallax_layout_list&quot;:[]}\">\n\n                \n                <div class=\"elementor-container elementor-column-gap-default \">\n                <div class=\"elementor-column elementor-col-100 elementor-top-column elementor-element elementor-element-352cea69 pxl-column-element-default\" data-id=\"352cea69\" data-element_type=\"column\">\n            <div class=\"elementor-widget-wrap elementor-element-populated\">\n                                    \t\t<div class=\"elementor-element elementor-element-4716840c elementor-widget-divider--view-line elementor-widget elementor-widget-divider\" data-id=\"4716840c\" data-element_type=\"widget\" data-widget_type=\"divider.default\">\n\t\t\t\t<div class=\"elementor-widget-container\">\n\t\t\t<style>\/*! elementor - v3.18.0 - 08-12-2023 *\/\n.elementor-widget-divider{--divider-border-style:none;--divider-border-width:1px;--divider-color:#0c0d0e;--divider-icon-size:20px;--divider-element-spacing:10px;--divider-pattern-height:24px;--divider-pattern-size:20px;--divider-pattern-url:none;--divider-pattern-repeat:repeat-x}.elementor-widget-divider .elementor-divider{display:flex}.elementor-widget-divider .elementor-divider__text{font-size:15px;line-height:1;max-width:95%}.elementor-widget-divider .elementor-divider__element{margin:0 var(--divider-element-spacing);flex-shrink:0}.elementor-widget-divider .elementor-icon{font-size:var(--divider-icon-size)}.elementor-widget-divider .elementor-divider-separator{display:flex;margin:0;direction:ltr}.elementor-widget-divider--view-line_icon .elementor-divider-separator,.elementor-widget-divider--view-line_text .elementor-divider-separator{align-items:center}.elementor-widget-divider--view-line_icon .elementor-divider-separator:after,.elementor-widget-divider--view-line_icon .elementor-divider-separator:before,.elementor-widget-divider--view-line_text .elementor-divider-separator:after,.elementor-widget-divider--view-line_text .elementor-divider-separator:before{display:block;content:\"\";border-bottom:0;flex-grow:1;border-top:var(--divider-border-width) var(--divider-border-style) var(--divider-color)}.elementor-widget-divider--element-align-left .elementor-divider .elementor-divider-separator>.elementor-divider__svg:first-of-type{flex-grow:0;flex-shrink:100}.elementor-widget-divider--element-align-left .elementor-divider-separator:before{content:none}.elementor-widget-divider--element-align-left .elementor-divider__element{margin-left:0}.elementor-widget-divider--element-align-right .elementor-divider .elementor-divider-separator>.elementor-divider__svg:last-of-type{flex-grow:0;flex-shrink:100}.elementor-widget-divider--element-align-right .elementor-divider-separator:after{content:none}.elementor-widget-divider--element-align-right .elementor-divider__element{margin-right:0}.elementor-widget-divider:not(.elementor-widget-divider--view-line_text):not(.elementor-widget-divider--view-line_icon) .elementor-divider-separator{border-top:var(--divider-border-width) var(--divider-border-style) var(--divider-color)}.elementor-widget-divider--separator-type-pattern{--divider-border-style:none}.elementor-widget-divider--separator-type-pattern.elementor-widget-divider--view-line .elementor-divider-separator,.elementor-widget-divider--separator-type-pattern:not(.elementor-widget-divider--view-line) .elementor-divider-separator:after,.elementor-widget-divider--separator-type-pattern:not(.elementor-widget-divider--view-line) .elementor-divider-separator:before,.elementor-widget-divider--separator-type-pattern:not([class*=elementor-widget-divider--view]) .elementor-divider-separator{width:100%;min-height:var(--divider-pattern-height);-webkit-mask-size:var(--divider-pattern-size) 100%;mask-size:var(--divider-pattern-size) 100%;-webkit-mask-repeat:var(--divider-pattern-repeat);mask-repeat:var(--divider-pattern-repeat);background-color:var(--divider-color);-webkit-mask-image:var(--divider-pattern-url);mask-image:var(--divider-pattern-url)}.elementor-widget-divider--no-spacing{--divider-pattern-size:auto}.elementor-widget-divider--bg-round{--divider-pattern-repeat:round}.rtl .elementor-widget-divider .elementor-divider__text{direction:rtl}.e-con-inner>.elementor-widget-divider,.e-con>.elementor-widget-divider{width:var(--container-widget-width,100%);--flex-grow:var(--container-widget-flex-grow)}<\/style>\t\t<div class=\"elementor-divider\">\n\t\t\t<span class=\"elementor-divider-separator\">\n\t\t\t\t\t\t<\/span>\n\t\t<\/div>\n\t\t\t\t<\/div>\n\t\t\t\t<\/div>\n\t\t\t\t<div class=\"elementor-element elementor-element-aad38c2 elementor-view-default elementor-widget elementor-widget-icon\" data-id=\"aad38c2\" data-element_type=\"widget\" data-widget_type=\"icon.default\">\n\t\t\t\t<div class=\"elementor-widget-container\">\n\t\t\t\t\t<div class=\"elementor-icon-wrapper\">\n\t\t\t<div class=\"elementor-icon elementor-animation-pulse\">\n\t\t\t<svg xmlns=\"http:\/\/www.w3.org\/2000\/svg\" data-name=\"Layer 3\" viewBox=\"0 0 64 64\" width=\"512\" height=\"512\"><path d=\"M62.591,23.193,54,16.893V10a1,1,0,0,0-1-1H43.237L32.591,1.193a1,1,0,0,0-1.182,0L20.763,9H11a1,1,0,0,0-1,1v6.893l-8.591,6.3A1,1,0,0,0,1,24V62a1,1,0,0,0,1,1H62a1,1,0,0,0,1-1V24A1,1,0,0,0,62.591,23.193ZM26.261,42.968,3,60.026V25.969ZM32,41.24,58.945,61H5.055Zm5.739,1.728L61,25.969V60.026ZM60.307,24,54,28.607V19.374ZM32,3.24,39.854,9H24.146ZM52,11V30.069L36.047,41.727l-3.456-2.534a1,1,0,0,0-1.182,0l-3.456,2.534L12,30.069V11ZM10,28.607,3.693,24,10,19.374Z\"><\/path><path d=\"M32,31a9,9,0,1,0-9-9A9.01,9.01,0,0,0,32,31Zm0-16a7,7,0,1,1-7,7A7.008,7.008,0,0,1,32,15Z\"><\/path><path d=\"M30,26a1,1,0,0,0,.707-.293l6-6-1.414-1.414L30,23.586l-1.293-1.293-1.414,1.414,2,2A1,1,0,0,0,30,26Z\"><\/path><rect x=\"21\" y=\"33\" width=\"16\" height=\"2\"><\/rect><rect x=\"39\" y=\"33\" width=\"4\" height=\"2\"><\/rect><\/svg>\t\t\t<\/div>\n\t\t<\/div>\n\t\t\t\t<\/div>\n\t\t\t\t<\/div>\n\t\t\t\t<div class=\"elementor-element elementor-element-618c98d6 pxl-heading-layout-1 elementor-widget elementor-widget-pxl_heading\" data-id=\"618c98d6\" data-element_type=\"widget\" data-widget_type=\"pxl_heading.default\">\n\t\t\t\t<div class=\"elementor-widget-container\">\n\t\t\t<div class=\"pxl-heading-wrap d-flex layout1\">\n    <div class=\"pxl-heading-inner center\">\n        \n        <h2 class=\"heading-title\">\n            <span >\n                Do not hesitate to contact us without obligation.<br>We will be pleased to help you.            <\/span>\n                    <\/h2>\n\n            <\/div>\n<\/div>\n\n\t\t<\/div>\n\t\t\t\t<\/div>\n\t\t\t\t<div class=\"elementor-element elementor-element-7b60f03c elementor-widget elementor-widget-pxl_text_editor\" data-id=\"7b60f03c\" data-element_type=\"widget\" data-widget_type=\"pxl_text_editor.default\">\n\t\t\t\t<div class=\"elementor-widget-container\">\n\t\t\t<div id=\"pxl_text_editor-7b60f03c-7154\" class=\"pxl-text-editor-wrap d-flex\" >\n\t<div class=\"pxl-text-editor elementor-clearfix\">\n        <p>We look forward to hearing about your circumstances so that we can advise you as effectively as possible.<\/p>\t<\/div>\n<\/div>\t\t<\/div>\n\t\t\t\t<\/div>\n\t\t\t\t<div class=\"elementor-element elementor-element-26fb598e elementor-widget elementor-widget-pxl_contact_form\" data-id=\"26fb598e\" data-element_type=\"widget\" data-widget_type=\"pxl_contact_form.default\">\n\t\t\t\t<div class=\"elementor-widget-container\">\n\t\t\t        <div id=\"pxl_contact_form-26fb598e-6394\" class=\"pxl-contact-form7\">\n            <div class=\"pxl-contact-form-inner\">\n                \n<div class=\"wpcf7 no-js\" id=\"wpcf7-f4575-o1\" lang=\"en-US\" dir=\"ltr\" data-wpcf7-id=\"4575\">\n<div class=\"screen-reader-response\"><p role=\"status\" aria-live=\"polite\" aria-atomic=\"true\"><\/p> <ul><\/ul><\/div>\n<form action=\"\/en\/wp-json\/wp\/v2\/pages\/21311#wpcf7-f4575-o1\" method=\"post\" class=\"wpcf7-form init\" aria-label=\"Contact form\" novalidate=\"novalidate\" data-status=\"init\">\n<div style=\"display: none;\">\n<input type=\"hidden\" name=\"_wpcf7\" value=\"4575\" \/>\n<input type=\"hidden\" name=\"_wpcf7_version\" value=\"6.0.6\" \/>\n<input type=\"hidden\" name=\"_wpcf7_locale\" value=\"en_US\" \/>\n<input type=\"hidden\" name=\"_wpcf7_unit_tag\" value=\"wpcf7-f4575-o1\" \/>\n<input type=\"hidden\" name=\"_wpcf7_container_post\" value=\"0\" \/>\n<input type=\"hidden\" name=\"_wpcf7_posted_data_hash\" value=\"\" \/>\n<input type=\"hidden\" name=\"_wpcf7_recaptcha_response\" value=\"\" \/>\n<\/div>\n<div class=\"row g-20\">\n\t<div class=\"ct-input col-lg-4\">\n\t\t<p><span class=\"wpcf7-form-control-wrap\" data-name=\"ct_name\"><input size=\"40\" maxlength=\"400\" class=\"wpcf7-form-control wpcf7-text wpcf7-validates-as-required\" aria-required=\"true\" aria-invalid=\"false\" placeholder=\"Nombre*\" value=\"\" type=\"text\" name=\"ct_name\" \/><\/span>\n\t\t<\/p>\n\t<\/div>\n\t<div class=\"ct-input col-lg-4\">\n\t\t<p><span class=\"wpcf7-form-control-wrap\" data-name=\"ct_email\"><input size=\"40\" maxlength=\"400\" class=\"wpcf7-form-control wpcf7-email wpcf7-validates-as-required wpcf7-text wpcf7-validates-as-email\" aria-required=\"true\" aria-invalid=\"false\" placeholder=\"Email*\" value=\"\" type=\"email\" name=\"ct_email\" \/><\/span>\n\t\t<\/p>\n\t<\/div>\n\t<div class=\"ct-input col-lg-4\">\n\t\t<p><span class=\"wpcf7-form-control-wrap\" data-name=\"ct_phone\"><input size=\"40\" maxlength=\"400\" class=\"wpcf7-form-control wpcf7-tel wpcf7-validates-as-required wpcf7-text wpcf7-validates-as-tel\" aria-required=\"true\" aria-invalid=\"false\" placeholder=\"Tel\u00e9fono*\" value=\"\" type=\"tel\" name=\"ct_phone\" \/><\/span>\n\t\t<\/p>\n\t<\/div>\n\t<div class=\"ct-input col-lg-12\">\n\t\t<p><span class=\"wpcf7-form-control-wrap\" data-name=\"ct_message\"><textarea cols=\"40\" rows=\"10\" maxlength=\"2000\" class=\"wpcf7-form-control wpcf7-textarea wpcf7-validates-as-required ctc_message\" aria-required=\"true\" aria-invalid=\"false\" placeholder=\"Mensaje\" name=\"ct_message\"><\/textarea><\/span>\n\t\t<\/p>\n\t<\/div>\n\t<div class=\"ct-input col-lg-12\" style=\"text-align:center; margin-top:42px;\">\n\t\t<div class=\"pxl-button-wrapper\">\n\t\t\t<p><button type=\"submit\" class=\"wpcf7-form-control wpcf7-submit\"><span>ENVIAR MENSAJE<\/span><\/button>\n\t\t\t<\/p>\n\t\t<\/div>\n\t<\/div>\n<\/div><div class=\"wpcf7-response-output\" aria-hidden=\"true\"><\/div>\n<\/form>\n<\/div>\n            <\/div>\n        <\/div>\n        \t\t<\/div>\n\t\t\t\t<\/div>\n\t\t\t\t\t<\/div>\n\t\t<\/div>\n\t\t\t\t\t\t\t<\/div>\n\t\t<\/section>\n\t\t\t\t\t\t\t<\/div>\n\t\t","protected":false},"excerpt":{"rendered":"<p>At Tfab we want to be a reference and a help to the world of Family Business. One of the ways in which we develop this informative work is through the publication of specialized books that collect the latest learnings and best practices. Decisiones financieras clave para la sostenibilidad de las empresas familiares en el [&hellip;]<\/p>\n","protected":false},"author":1,"featured_media":0,"parent":0,"menu_order":50,"comment_status":"closed","ping_status":"closed","template":"","meta":{"footnotes":""},"class_list":["post-21311","page","type-page","status-publish","hentry"],"_links":{"self":[{"href":"https:\/\/tfab.es\/en\/wp-json\/wp\/v2\/pages\/21311","targetHints":{"allow":["GET"]}}],"collection":[{"href":"https:\/\/tfab.es\/en\/wp-json\/wp\/v2\/pages"}],"about":[{"href":"https:\/\/tfab.es\/en\/wp-json\/wp\/v2\/types\/page"}],"author":[{"embeddable":true,"href":"https:\/\/tfab.es\/en\/wp-json\/wp\/v2\/users\/1"}],"replies":[{"embeddable":true,"href":"https:\/\/tfab.es\/en\/wp-json\/wp\/v2\/comments?post=21311"}],"version-history":[{"count":9,"href":"https:\/\/tfab.es\/en\/wp-json\/wp\/v2\/pages\/21311\/revisions"}],"predecessor-version":[{"id":22531,"href":"https:\/\/tfab.es\/en\/wp-json\/wp\/v2\/pages\/21311\/revisions\/22531"}],"wp:attachment":[{"href":"https:\/\/tfab.es\/en\/wp-json\/wp\/v2\/media?parent=21311"}],"curies":[{"name":"wp","href":"https:\/\/api.w.org\/{rel}","templated":true}]}}