{"id":21310,"date":"2023-01-04T22:01:29","date_gmt":"2023-01-04T21:01:29","guid":{"rendered":"https:\/\/tfab.es\/eventos\/"},"modified":"2026-01-26T12:04:58","modified_gmt":"2026-01-26T11:04:58","slug":"events","status":"publish","type":"page","link":"https:\/\/tfab.es\/en\/events\/","title":{"rendered":"Events"},"content":{"rendered":"\t\t<div data-elementor-type=\"wp-page\" data-elementor-id=\"21310\" class=\"elementor elementor-21310 elementor-20430\">\n\t\t\t\t\t\t\t        <section class=\"elementor-section elementor-top-section elementor-element elementor-element-2a3ba35 elementor-section-boxed elementor-section-height-default elementor-section-height-default pxl-shape-divider-none\" data-id=\"2a3ba35\" data-element_type=\"section\" data-settings=\"{&quot;jet_parallax_layout_list&quot;:[]}\">\n\n                \n                <div class=\"elementor-container elementor-column-gap-default \">\n                <div class=\"elementor-column elementor-col-100 elementor-top-column elementor-element elementor-element-e46bef5 pxl-column-element-default\" data-id=\"e46bef5\" data-element_type=\"column\">\n            <div class=\"elementor-widget-wrap elementor-element-populated\">\n                                    \t\t<div class=\"elementor-element elementor-element-ec947e4 elementor-widget__width-inherit elementor-widget elementor-widget-heading\" data-id=\"ec947e4\" data-element_type=\"widget\" data-widget_type=\"heading.default\">\n\t\t\t\t<div class=\"elementor-widget-container\">\n\t\t\t<style>\/*! elementor - v3.18.0 - 08-12-2023 *\/\n.elementor-heading-title{padding:0;margin:0;line-height:1}.elementor-widget-heading .elementor-heading-title[class*=elementor-size-]>a{color:inherit;font-size:inherit;line-height:inherit}.elementor-widget-heading .elementor-heading-title.elementor-size-small{font-size:15px}.elementor-widget-heading .elementor-heading-title.elementor-size-medium{font-size:19px}.elementor-widget-heading .elementor-heading-title.elementor-size-large{font-size:29px}.elementor-widget-heading .elementor-heading-title.elementor-size-xl{font-size:39px}.elementor-widget-heading .elementor-heading-title.elementor-size-xxl{font-size:59px}<\/style><h2 class=\"elementor-heading-title elementor-size-default\">We continuously hold events to raise awareness of best practices and to learn, first-hand, about new issues and challenges faced by our customers.<\/h2>\t\t<\/div>\n\t\t\t\t<\/div>\n\t\t\t\t\t<\/div>\n\t\t<\/div>\n\t\t\t\t\t\t\t<\/div>\n\t\t<\/section>\n\t\t        <section class=\"elementor-section elementor-top-section elementor-element elementor-element-4bb92b3 elementor-section-boxed elementor-section-height-default elementor-section-height-default pxl-shape-divider-none\" data-id=\"4bb92b3\" data-element_type=\"section\" data-settings=\"{&quot;jet_parallax_layout_list&quot;:[]}\">\n\n                \n                <div class=\"elementor-container elementor-column-gap-default \">\n                <div class=\"elementor-column elementor-col-100 elementor-top-column elementor-element elementor-element-d00be14 pxl-column-element-default\" data-id=\"d00be14\" data-element_type=\"column\">\n            <div class=\"elementor-widget-wrap elementor-element-populated\">\n                                    \t\t<div class=\"elementor-element elementor-element-772ccf3 elementor-widget elementor-widget-jet-posts\" data-id=\"772ccf3\" data-element_type=\"widget\" data-settings=\"{&quot;columns&quot;:3,&quot;slides_to_scroll&quot;:&quot;1&quot;}\" data-widget_type=\"jet-posts.default\">\n\t\t\t\t<div class=\"elementor-widget-container\">\n\t\t\t<div class=\"elementor-jet-posts jet-elements\"><div class=\"jet-posts col-row  jet-equal-cols\"><div class=\"jet-posts__item\">\n\t<div class=\"jet-posts__inner-box\"><div class=\"post-thumbnail\"><a href=\"https:\/\/tfab.es\/en\/desayuno-empresarial-grandes-decisiones-en-la-empresa-familiar-quien-me-acompana-en-el-camino-ceapi-y-portobello-12-05-2025\/\" class=\"post-thumbnail__link\"><img decoding=\"async\" class=\"post-thumbnail__img wp-post-image\" src=\"https:\/\/tfab.es\/wp-content\/uploads\/2025\/06\/MB-CEAPI-PORTOBELLO-747x560.jpeg\" alt=\"Desayuno empresarial &quot;Grandes decisiones en la empresa familiar. \u00bfQui\u00e9n me acompa\u00f1a en el camino&quot; - CEAPI y Portobello (12\/05\/2025)\" loading=\"lazy\" width=\"747\" height=\"560\"><\/a><\/div><div class=\"jet-posts__inner-content\"><h4 class=\"entry-title\"><a href=\"https:\/\/tfab.es\/en\/desayuno-empresarial-grandes-decisiones-en-la-empresa-familiar-quien-me-acompana-en-el-camino-ceapi-y-portobello-12-05-2025\/\" target=\"\">Desayuno empresarial \"Grandes decisiones en la empresa familiar. \u00bfQui\u00e9n me acompa\u00f1a en el camino\" - CEAPI y Portobello (12\/05\/2025)<\/a><\/h4><div class=\"post-meta\"><span class=\"posted-by post-meta__item\">Posted by <a href=\"https:\/\/tfab.es\/en\/author\/marcossagrado_1dmc8zix\/\"  class=\"posted-by__author\" rel=\"author\">admin<\/a><\/span><span class=\"post__date post-meta__item\"><a href=\"https:\/\/tfab.es\/en\/2025\/05\/16\/\"  class=\"post__date-link\" ><time datetime=\"2025-05-16T16:39:16+01:00\" title=\"2025-05-16T16:39:16+01:00\">16\/05\/2025<\/time><\/a><\/span><\/div><\/div><\/div>\n<\/div>\n<div class=\"jet-posts__item\">\n\t<div class=\"jet-posts__inner-box\"><div class=\"post-thumbnail\"><a href=\"https:\/\/tfab.es\/en\/presentacion-familias-empresarias-en-la-sociedad-del-cambio-en-networkia-manuel-bermejo-y-alvaro-elua-10-04-2025\/\" class=\"post-thumbnail__link\"><img decoding=\"async\" class=\"post-thumbnail__img wp-post-image\" src=\"https:\/\/tfab.es\/wp-content\/uploads\/2025\/06\/WhatsApp-Image-2025-04-10-at-18.24.03-1-747x560.jpeg\" alt=\"Presentaci\u00f3n &quot;Familias empresarias en la sociedad del cambio&quot; en Networkia - Manuel Bermejo y \u00c1lvaro El\u00faa (10\/04\/2025)\" loading=\"lazy\" width=\"747\" height=\"560\"><\/a><\/div><div class=\"jet-posts__inner-content\"><h4 class=\"entry-title\"><a href=\"https:\/\/tfab.es\/en\/presentacion-familias-empresarias-en-la-sociedad-del-cambio-en-networkia-manuel-bermejo-y-alvaro-elua-10-04-2025\/\" target=\"\">Presentaci\u00f3n \"Familias empresarias en la sociedad del cambio\" en Networkia - Manuel Bermejo y \u00c1lvaro El\u00faa (10\/04\/2025)<\/a><\/h4><div class=\"post-meta\"><span class=\"posted-by post-meta__item\">Posted by <a href=\"https:\/\/tfab.es\/en\/author\/marcossagrado_1dmc8zix\/\"  class=\"posted-by__author\" rel=\"author\">admin<\/a><\/span><span class=\"post__date post-meta__item\"><a href=\"https:\/\/tfab.es\/en\/2025\/04\/11\/\"  class=\"post__date-link\" ><time datetime=\"2025-04-11T18:15:48+01:00\" title=\"2025-04-11T18:15:48+01:00\">11\/04\/2025<\/time><\/a><\/span><\/div><\/div><\/div>\n<\/div>\n<div class=\"jet-posts__item\">\n\t<div class=\"jet-posts__inner-box\"><div class=\"post-thumbnail\"><a href=\"https:\/\/tfab.es\/en\/la-gobernanza-del-family-office-en-la-empresa-familiar-malaga-19-03-2025\/\" class=\"post-thumbnail__link\"><img decoding=\"async\" class=\"post-thumbnail__img wp-post-image\" src=\"https:\/\/tfab.es\/wp-content\/uploads\/2025\/06\/Gobernanza-Family-Office-EF-Malaga-19Mar25-740x560.jpg\" alt=\"La Gobernanza del Family Office en la empresa familiar - M\u00e1laga (19\/03\/2025)\" loading=\"lazy\" width=\"740\" height=\"560\"><\/a><\/div><div class=\"jet-posts__inner-content\"><h4 class=\"entry-title\"><a href=\"https:\/\/tfab.es\/en\/la-gobernanza-del-family-office-en-la-empresa-familiar-malaga-19-03-2025\/\" target=\"\">La Gobernanza del Family Office en la empresa familiar - M\u00e1laga (19\/03\/2025)<\/a><\/h4><div class=\"post-meta\"><span class=\"posted-by post-meta__item\">Posted by <a href=\"https:\/\/tfab.es\/en\/author\/marcossagrado_1dmc8zix\/\"  class=\"posted-by__author\" rel=\"author\">admin<\/a><\/span><span class=\"post__date post-meta__item\"><a href=\"https:\/\/tfab.es\/en\/2025\/04\/11\/\"  class=\"post__date-link\" ><time datetime=\"2025-04-11T18:11:49+01:00\" title=\"2025-04-11T18:11:49+01:00\">11\/04\/2025<\/time><\/a><\/span><\/div><\/div><\/div>\n<\/div>\n<div class=\"jet-posts__item\">\n\t<div class=\"jet-posts__inner-box\"><div class=\"post-thumbnail\"><a href=\"https:\/\/tfab.es\/en\/presentacion-del-libro-familias-empresarias-en-la-sociedad-del-cambio-manuel-bermejo-forbes-house-madrid-20-02-2025\/\" class=\"post-thumbnail__link\"><img decoding=\"async\" class=\"post-thumbnail__img wp-post-image\" src=\"https:\/\/tfab.es\/wp-content\/uploads\/2025\/03\/IMG20250220191710-996x560.jpg\" alt=\"Presentaci\u00f3n del libro &quot;Familias empresarias en la sociedad del cambio&quot; (Manuel Bermejo) - Forbes House Madrid (20\/02\/2025)\" loading=\"lazy\" width=\"996\" height=\"560\"><\/a><\/div><div class=\"jet-posts__inner-content\"><h4 class=\"entry-title\"><a href=\"https:\/\/tfab.es\/en\/presentacion-del-libro-familias-empresarias-en-la-sociedad-del-cambio-manuel-bermejo-forbes-house-madrid-20-02-2025\/\" target=\"\">Presentaci\u00f3n del libro \"Familias empresarias en la sociedad del cambio\" (Manuel Bermejo) - Forbes House Madrid (20\/02\/2025)<\/a><\/h4><div class=\"post-meta\"><span class=\"posted-by post-meta__item\">Posted by <a href=\"https:\/\/tfab.es\/en\/author\/marcossagrado_1dmc8zix\/\"  class=\"posted-by__author\" rel=\"author\">admin<\/a><\/span><span class=\"post__date post-meta__item\"><a href=\"https:\/\/tfab.es\/en\/2025\/03\/04\/\"  class=\"post__date-link\" ><time datetime=\"2025-03-04T20:37:39+01:00\" title=\"2025-03-04T20:37:39+01:00\">04\/03\/2025<\/time><\/a><\/span><\/div><\/div><\/div>\n<\/div>\n<div class=\"jet-posts__item\">\n\t<div class=\"jet-posts__inner-box\"><div class=\"post-thumbnail\"><a href=\"https:\/\/tfab.es\/en\/la-gobernanza-del-family-office-en-la-empresa-familiar-sevilla-5-11-2024\/\" class=\"post-thumbnail__link\"><img decoding=\"async\" class=\"post-thumbnail__img wp-post-image\" src=\"https:\/\/tfab.es\/wp-content\/uploads\/2024\/11\/Gobernanza-del-Family-Office-en-la-EF.jpg\" alt=\"La Gobernanza del Family Office en la empresa familiar - Sevilla (5\/11\/2024)\" loading=\"lazy\" width=\"451\" height=\"332\"><\/a><\/div><div class=\"jet-posts__inner-content\"><h4 class=\"entry-title\"><a href=\"https:\/\/tfab.es\/en\/la-gobernanza-del-family-office-en-la-empresa-familiar-sevilla-5-11-2024\/\" target=\"\">La Gobernanza del Family Office en la empresa familiar - Sevilla (5\/11\/2024)<\/a><\/h4><div class=\"post-meta\"><span class=\"posted-by post-meta__item\">Posted by <a href=\"https:\/\/tfab.es\/en\/author\/marcossagrado_1dmc8zix\/\"  class=\"posted-by__author\" rel=\"author\">admin<\/a><\/span><span class=\"post__date post-meta__item\"><a href=\"https:\/\/tfab.es\/en\/2024\/11\/12\/\"  class=\"post__date-link\" ><time datetime=\"2024-11-12T18:33:00+01:00\" title=\"2024-11-12T18:33:00+01:00\">12\/11\/2024<\/time><\/a><\/span><\/div><\/div><\/div>\n<\/div>\n<div class=\"jet-posts__item\">\n\t<div class=\"jet-posts__inner-box\"><div class=\"post-thumbnail\"><a href=\"https:\/\/tfab.es\/en\/dialogo-intergeneracional-una-vision-de-la-ia-en-la-empresa-familiar-manuel-bermejo-y-daniel-bicand-24-10-2024\/\" class=\"post-thumbnail__link\"><img decoding=\"async\" class=\"post-thumbnail__img wp-post-image\" src=\"https:\/\/tfab.es\/wp-content\/uploads\/2024\/11\/WhatsApp-Image-2024-10-28-at-13.38.09-420x560.jpeg\" alt=\"Di\u00e1logo Intergeneracional: una visi\u00f3n de la IA en la empresa familiar - Manuel Bermejo y Daniel Bicand (24\/10\/2024)\" loading=\"lazy\" width=\"420\" height=\"560\"><\/a><\/div><div class=\"jet-posts__inner-content\"><h4 class=\"entry-title\"><a href=\"https:\/\/tfab.es\/en\/dialogo-intergeneracional-una-vision-de-la-ia-en-la-empresa-familiar-manuel-bermejo-y-daniel-bicand-24-10-2024\/\" target=\"\">Di\u00e1logo Intergeneracional: una visi\u00f3n de la IA en la empresa familiar - Manuel Bermejo y Daniel Bicand (24\/10\/2024)<\/a><\/h4><div class=\"post-meta\"><span class=\"posted-by post-meta__item\">Posted by <a href=\"https:\/\/tfab.es\/en\/author\/marcossagrado_1dmc8zix\/\"  class=\"posted-by__author\" rel=\"author\">admin<\/a><\/span><span class=\"post__date post-meta__item\"><a href=\"https:\/\/tfab.es\/en\/2024\/11\/12\/\"  class=\"post__date-link\" ><time datetime=\"2024-11-12T18:28:30+01:00\" title=\"2024-11-12T18:28:30+01:00\">12\/11\/2024<\/time><\/a><\/span><\/div><\/div><\/div>\n<\/div>\n<\/div>\n<\/div>\t\t<\/div>\n\t\t\t\t<\/div>\n\t\t\t\t<div class=\"elementor-element elementor-element-8e4bd22 events-list elementor-widget elementor-widget-posts\" data-id=\"8e4bd22\" data-element_type=\"widget\" data-widget_type=\"posts.default\">\n\t\t\t\t<div class=\"elementor-widget-container\">\n\t\t\t \t\t<\/div>\n\t\t\t\t<\/div>\n\t\t\t\t\t<\/div>\n\t\t<\/div>\n\t\t\t\t\t\t\t<\/div>\n\t\t<\/section>\n\t\t        <section class=\"elementor-section elementor-top-section elementor-element elementor-element-288b40db elementor-section-boxed elementor-section-height-default elementor-section-height-default pxl-shape-divider-none\" data-id=\"288b40db\" data-element_type=\"section\" data-settings=\"{&quot;jet_parallax_layout_list&quot;:[]}\">\n\n                \n                <div class=\"elementor-container elementor-column-gap-default \">\n                <div class=\"elementor-column elementor-col-100 elementor-top-column elementor-element elementor-element-f1af44f pxl-column-element-default\" data-id=\"f1af44f\" data-element_type=\"column\">\n            <div class=\"elementor-widget-wrap elementor-element-populated\">\n                                    \t\t<div class=\"elementor-element elementor-element-7b125b36 elementor-widget-divider--view-line elementor-widget elementor-widget-divider\" data-id=\"7b125b36\" data-element_type=\"widget\" data-widget_type=\"divider.default\">\n\t\t\t\t<div class=\"elementor-widget-container\">\n\t\t\t<style>\/*! elementor - v3.18.0 - 08-12-2023 *\/\n.elementor-widget-divider{--divider-border-style:none;--divider-border-width:1px;--divider-color:#0c0d0e;--divider-icon-size:20px;--divider-element-spacing:10px;--divider-pattern-height:24px;--divider-pattern-size:20px;--divider-pattern-url:none;--divider-pattern-repeat:repeat-x}.elementor-widget-divider .elementor-divider{display:flex}.elementor-widget-divider .elementor-divider__text{font-size:15px;line-height:1;max-width:95%}.elementor-widget-divider .elementor-divider__element{margin:0 var(--divider-element-spacing);flex-shrink:0}.elementor-widget-divider .elementor-icon{font-size:var(--divider-icon-size)}.elementor-widget-divider .elementor-divider-separator{display:flex;margin:0;direction:ltr}.elementor-widget-divider--view-line_icon .elementor-divider-separator,.elementor-widget-divider--view-line_text .elementor-divider-separator{align-items:center}.elementor-widget-divider--view-line_icon .elementor-divider-separator:after,.elementor-widget-divider--view-line_icon .elementor-divider-separator:before,.elementor-widget-divider--view-line_text .elementor-divider-separator:after,.elementor-widget-divider--view-line_text .elementor-divider-separator:before{display:block;content:\"\";border-bottom:0;flex-grow:1;border-top:var(--divider-border-width) var(--divider-border-style) var(--divider-color)}.elementor-widget-divider--element-align-left .elementor-divider .elementor-divider-separator>.elementor-divider__svg:first-of-type{flex-grow:0;flex-shrink:100}.elementor-widget-divider--element-align-left .elementor-divider-separator:before{content:none}.elementor-widget-divider--element-align-left .elementor-divider__element{margin-left:0}.elementor-widget-divider--element-align-right .elementor-divider .elementor-divider-separator>.elementor-divider__svg:last-of-type{flex-grow:0;flex-shrink:100}.elementor-widget-divider--element-align-right .elementor-divider-separator:after{content:none}.elementor-widget-divider--element-align-right .elementor-divider__element{margin-right:0}.elementor-widget-divider:not(.elementor-widget-divider--view-line_text):not(.elementor-widget-divider--view-line_icon) .elementor-divider-separator{border-top:var(--divider-border-width) var(--divider-border-style) var(--divider-color)}.elementor-widget-divider--separator-type-pattern{--divider-border-style:none}.elementor-widget-divider--separator-type-pattern.elementor-widget-divider--view-line .elementor-divider-separator,.elementor-widget-divider--separator-type-pattern:not(.elementor-widget-divider--view-line) .elementor-divider-separator:after,.elementor-widget-divider--separator-type-pattern:not(.elementor-widget-divider--view-line) .elementor-divider-separator:before,.elementor-widget-divider--separator-type-pattern:not([class*=elementor-widget-divider--view]) .elementor-divider-separator{width:100%;min-height:var(--divider-pattern-height);-webkit-mask-size:var(--divider-pattern-size) 100%;mask-size:var(--divider-pattern-size) 100%;-webkit-mask-repeat:var(--divider-pattern-repeat);mask-repeat:var(--divider-pattern-repeat);background-color:var(--divider-color);-webkit-mask-image:var(--divider-pattern-url);mask-image:var(--divider-pattern-url)}.elementor-widget-divider--no-spacing{--divider-pattern-size:auto}.elementor-widget-divider--bg-round{--divider-pattern-repeat:round}.rtl .elementor-widget-divider .elementor-divider__text{direction:rtl}.e-con-inner>.elementor-widget-divider,.e-con>.elementor-widget-divider{width:var(--container-widget-width,100%);--flex-grow:var(--container-widget-flex-grow)}<\/style>\t\t<div class=\"elementor-divider\">\n\t\t\t<span class=\"elementor-divider-separator\">\n\t\t\t\t\t\t<\/span>\n\t\t<\/div>\n\t\t\t\t<\/div>\n\t\t\t\t<\/div>\n\t\t\t\t<div class=\"elementor-element elementor-element-19196b86 elementor-view-default elementor-widget elementor-widget-icon\" data-id=\"19196b86\" data-element_type=\"widget\" data-widget_type=\"icon.default\">\n\t\t\t\t<div class=\"elementor-widget-container\">\n\t\t\t\t\t<div class=\"elementor-icon-wrapper\">\n\t\t\t<div class=\"elementor-icon elementor-animation-pulse\">\n\t\t\t<svg xmlns=\"http:\/\/www.w3.org\/2000\/svg\" data-name=\"Layer 3\" viewBox=\"0 0 64 64\" width=\"512\" height=\"512\"><path d=\"M62.591,23.193,54,16.893V10a1,1,0,0,0-1-1H43.237L32.591,1.193a1,1,0,0,0-1.182,0L20.763,9H11a1,1,0,0,0-1,1v6.893l-8.591,6.3A1,1,0,0,0,1,24V62a1,1,0,0,0,1,1H62a1,1,0,0,0,1-1V24A1,1,0,0,0,62.591,23.193ZM26.261,42.968,3,60.026V25.969ZM32,41.24,58.945,61H5.055Zm5.739,1.728L61,25.969V60.026ZM60.307,24,54,28.607V19.374ZM32,3.24,39.854,9H24.146ZM52,11V30.069L36.047,41.727l-3.456-2.534a1,1,0,0,0-1.182,0l-3.456,2.534L12,30.069V11ZM10,28.607,3.693,24,10,19.374Z\"><\/path><path d=\"M32,31a9,9,0,1,0-9-9A9.01,9.01,0,0,0,32,31Zm0-16a7,7,0,1,1-7,7A7.008,7.008,0,0,1,32,15Z\"><\/path><path d=\"M30,26a1,1,0,0,0,.707-.293l6-6-1.414-1.414L30,23.586l-1.293-1.293-1.414,1.414,2,2A1,1,0,0,0,30,26Z\"><\/path><rect x=\"21\" y=\"33\" width=\"16\" height=\"2\"><\/rect><rect x=\"39\" y=\"33\" width=\"4\" height=\"2\"><\/rect><\/svg>\t\t\t<\/div>\n\t\t<\/div>\n\t\t\t\t<\/div>\n\t\t\t\t<\/div>\n\t\t\t\t<div class=\"elementor-element elementor-element-2daab524 pxl-heading-layout-1 elementor-widget elementor-widget-pxl_heading\" data-id=\"2daab524\" data-element_type=\"widget\" data-widget_type=\"pxl_heading.default\">\n\t\t\t\t<div class=\"elementor-widget-container\">\n\t\t\t<div class=\"pxl-heading-wrap d-flex layout1\">\n    <div class=\"pxl-heading-inner center\">\n        \n        <h2 class=\"heading-title\">\n            <span >\n                Do not hesitate to contact us without obligation.<br>We will be pleased to help you.            <\/span>\n                    <\/h2>\n\n            <\/div>\n<\/div>\n\n\t\t<\/div>\n\t\t\t\t<\/div>\n\t\t\t\t<div class=\"elementor-element elementor-element-8ab89c4 elementor-widget elementor-widget-pxl_text_editor\" data-id=\"8ab89c4\" data-element_type=\"widget\" data-widget_type=\"pxl_text_editor.default\">\n\t\t\t\t<div class=\"elementor-widget-container\">\n\t\t\t<div id=\"pxl_text_editor-8ab89c4-9290\" class=\"pxl-text-editor-wrap d-flex\" >\n\t<div class=\"pxl-text-editor elementor-clearfix\">\n        <p>We look forward to hearing about your circumstances so that we can advise you as effectively as possible.<\/p>\t<\/div>\n<\/div>\t\t<\/div>\n\t\t\t\t<\/div>\n\t\t\t\t<div class=\"elementor-element elementor-element-3c466e43 elementor-widget elementor-widget-pxl_contact_form\" data-id=\"3c466e43\" data-element_type=\"widget\" data-widget_type=\"pxl_contact_form.default\">\n\t\t\t\t<div class=\"elementor-widget-container\">\n\t\t\t        <div id=\"pxl_contact_form-3c466e43-5957\" class=\"pxl-contact-form7\">\n            <div class=\"pxl-contact-form-inner\">\n                \n<div class=\"wpcf7 no-js\" id=\"wpcf7-f4575-o1\" lang=\"en-US\" dir=\"ltr\" data-wpcf7-id=\"4575\">\n<div class=\"screen-reader-response\"><p role=\"status\" aria-live=\"polite\" aria-atomic=\"true\"><\/p> <ul><\/ul><\/div>\n<form action=\"\/en\/wp-json\/wp\/v2\/pages\/21310#wpcf7-f4575-o1\" method=\"post\" class=\"wpcf7-form init\" aria-label=\"Contact form\" novalidate=\"novalidate\" data-status=\"init\">\n<div style=\"display: none;\">\n<input type=\"hidden\" name=\"_wpcf7\" value=\"4575\" \/>\n<input type=\"hidden\" name=\"_wpcf7_version\" value=\"6.0.6\" \/>\n<input type=\"hidden\" name=\"_wpcf7_locale\" value=\"en_US\" \/>\n<input type=\"hidden\" name=\"_wpcf7_unit_tag\" value=\"wpcf7-f4575-o1\" \/>\n<input type=\"hidden\" name=\"_wpcf7_container_post\" value=\"0\" \/>\n<input type=\"hidden\" name=\"_wpcf7_posted_data_hash\" value=\"\" \/>\n<input type=\"hidden\" name=\"_wpcf7_recaptcha_response\" value=\"\" \/>\n<\/div>\n<div class=\"row g-20\">\n\t<div class=\"ct-input col-lg-4\">\n\t\t<p><span class=\"wpcf7-form-control-wrap\" data-name=\"ct_name\"><input size=\"40\" maxlength=\"400\" class=\"wpcf7-form-control wpcf7-text wpcf7-validates-as-required\" aria-required=\"true\" aria-invalid=\"false\" placeholder=\"Nombre*\" value=\"\" type=\"text\" name=\"ct_name\" \/><\/span>\n\t\t<\/p>\n\t<\/div>\n\t<div class=\"ct-input col-lg-4\">\n\t\t<p><span class=\"wpcf7-form-control-wrap\" data-name=\"ct_email\"><input size=\"40\" maxlength=\"400\" class=\"wpcf7-form-control wpcf7-email wpcf7-validates-as-required wpcf7-text wpcf7-validates-as-email\" aria-required=\"true\" aria-invalid=\"false\" placeholder=\"Email*\" value=\"\" type=\"email\" name=\"ct_email\" \/><\/span>\n\t\t<\/p>\n\t<\/div>\n\t<div class=\"ct-input col-lg-4\">\n\t\t<p><span class=\"wpcf7-form-control-wrap\" data-name=\"ct_phone\"><input size=\"40\" maxlength=\"400\" class=\"wpcf7-form-control wpcf7-tel wpcf7-validates-as-required wpcf7-text wpcf7-validates-as-tel\" aria-required=\"true\" aria-invalid=\"false\" placeholder=\"Tel\u00e9fono*\" value=\"\" type=\"tel\" name=\"ct_phone\" \/><\/span>\n\t\t<\/p>\n\t<\/div>\n\t<div class=\"ct-input col-lg-12\">\n\t\t<p><span class=\"wpcf7-form-control-wrap\" data-name=\"ct_message\"><textarea cols=\"40\" rows=\"10\" maxlength=\"2000\" class=\"wpcf7-form-control wpcf7-textarea wpcf7-validates-as-required ctc_message\" aria-required=\"true\" aria-invalid=\"false\" placeholder=\"Mensaje\" name=\"ct_message\"><\/textarea><\/span>\n\t\t<\/p>\n\t<\/div>\n\t<div class=\"ct-input col-lg-12\" style=\"text-align:center; margin-top:42px;\">\n\t\t<div class=\"pxl-button-wrapper\">\n\t\t\t<p><button type=\"submit\" class=\"wpcf7-form-control wpcf7-submit\"><span>ENVIAR MENSAJE<\/span><\/button>\n\t\t\t<\/p>\n\t\t<\/div>\n\t<\/div>\n<\/div><div class=\"wpcf7-response-output\" aria-hidden=\"true\"><\/div>\n<\/form>\n<\/div>\n            <\/div>\n        <\/div>\n        \t\t<\/div>\n\t\t\t\t<\/div>\n\t\t\t\t\t<\/div>\n\t\t<\/div>\n\t\t\t\t\t\t\t<\/div>\n\t\t<\/section>\n\t\t\t\t\t\t\t<\/div>\n\t\t","protected":false},"excerpt":{"rendered":"<p>We continuously hold events to raise awareness of best practices and to learn, first-hand, about new issues and challenges faced by our customers. Desayuno empresarial &#8220;Grandes decisiones en la empresa familiar. \u00bfQui\u00e9n me acompa\u00f1a en el camino&#8221; &#8211; CEAPI y Portobello (12\/05\/2025) Posted by admin16\/05\/2025 Presentaci\u00f3n &#8220;Familias empresarias en la sociedad del cambio&#8221; en Networkia [&hellip;]<\/p>\n","protected":false},"author":1,"featured_media":0,"parent":0,"menu_order":45,"comment_status":"closed","ping_status":"closed","template":"","meta":{"footnotes":""},"class_list":["post-21310","page","type-page","status-publish","hentry"],"_links":{"self":[{"href":"https:\/\/tfab.es\/en\/wp-json\/wp\/v2\/pages\/21310","targetHints":{"allow":["GET"]}}],"collection":[{"href":"https:\/\/tfab.es\/en\/wp-json\/wp\/v2\/pages"}],"about":[{"href":"https:\/\/tfab.es\/en\/wp-json\/wp\/v2\/types\/page"}],"author":[{"embeddable":true,"href":"https:\/\/tfab.es\/en\/wp-json\/wp\/v2\/users\/1"}],"replies":[{"embeddable":true,"href":"https:\/\/tfab.es\/en\/wp-json\/wp\/v2\/comments?post=21310"}],"version-history":[{"count":9,"href":"https:\/\/tfab.es\/en\/wp-json\/wp\/v2\/pages\/21310\/revisions"}],"predecessor-version":[{"id":22506,"href":"https:\/\/tfab.es\/en\/wp-json\/wp\/v2\/pages\/21310\/revisions\/22506"}],"wp:attachment":[{"href":"https:\/\/tfab.es\/en\/wp-json\/wp\/v2\/media?parent=21310"}],"curies":[{"name":"wp","href":"https:\/\/api.w.org\/{rel}","templated":true}]}}